{"id":719,"date":"2024-07-23T20:47:35","date_gmt":"2024-07-23T23:47:35","guid":{"rendered":"https:\/\/globio.com.br\/?page_id=719"},"modified":"2024-07-24T18:07:09","modified_gmt":"2024-07-24T21:07:09","slug":"exportacao","status":"publish","type":"page","link":"https:\/\/globio.com.br\/ar\/exportacao\/","title":{"rendered":"\u0627\u0644\u062a\u0635\u062f\u064a\u0631"},"content":{"rendered":"<div data-elementor-type=\"wp-page\" data-elementor-id=\"719\" class=\"elementor elementor-719\" data-elementor-post-type=\"page\">\n\t\t\t\t<div class=\"elementor-element elementor-element-12cc452 e-flex e-con-boxed e-con e-parent\" data-id=\"12cc452\" data-element_type=\"container\" data-e-type=\"container\">\n\t\t\t\t\t<div class=\"e-con-inner\">\n\t\t\t\t<div class=\"elementor-element elementor-element-f60c80c elementor-invisible elementor-widget elementor-widget-heading\" data-id=\"f60c80c\" data-element_type=\"widget\" data-e-type=\"widget\" data-settings=\"{&quot;_animation&quot;:&quot;fadeIn&quot;}\" data-widget_type=\"heading.default\">\n\t\t\t\t<div class=\"elementor-widget-container\">\n\t\t\t\t\t<h2 class=\"elementor-heading-title elementor-size-default\">\u0627\u0644\u062e\u062f\u0645\u0627\u062a \u0627\u0644\u0644\u0648\u062c\u0633\u062a\u064a\u0629 \u0648\u0627\u0644\u0635\u0627\u062f\u0631\u0627\u062a<\/h2>\t\t\t\t<\/div>\n\t\t\t\t<\/div>\n\t\t\t\t<div class=\"elementor-element elementor-element-c65fb04 elementor-invisible elementor-widget elementor-widget-heading\" data-id=\"c65fb04\" data-element_type=\"widget\" data-e-type=\"widget\" data-settings=\"{&quot;_animation&quot;:&quot;fadeInLeft&quot;}\" data-widget_type=\"heading.default\">\n\t\t\t\t<div class=\"elementor-widget-container\">\n\t\t\t\t\t<h2 class=\"elementor-heading-title elementor-size-default\">\u0627\u0644\u0641\u0631\u0648\u0642<\/h2>\t\t\t\t<\/div>\n\t\t\t\t<\/div>\n\t\t\t\t<div class=\"elementor-element elementor-element-5766f4c elementor-widget elementor-widget-shortcode\" data-id=\"5766f4c\" data-element_type=\"widget\" data-e-type=\"widget\" data-widget_type=\"shortcode.default\">\n\t\t\t\t<div class=\"elementor-widget-container\">\n\t\t\t\t\t\t\t<div class=\"elementor-shortcode\"><div class=\"elementor-element elementor-element-48b8c9b  e-con-full e-flex e-con e-child animated fadeInRight\" data-id=\"48b8c9b\" data-element_type=\"container\" data-settings=\"{&quot;animation&quot;:&quot;fadeInRight&quot;}\" style=\"padding-bottom:50px\">\n\t\t\t\t<div class=\"elementor-element elementor-element-3a82d24  elementor-widget elementor-widget-image\" data-id=\"3a82d24\" data-element_type=\"widget\" data-widget_type=\"image.default\">\n\t\t\t\t<div class=\"elementor-widget-container\">\n\t\t\t\t\t\t\t\t\t\t\t\t\t<img fetchpriority=\"high\" decoding=\"async\" width=\"300\" height=\"300\" src=\"https:\/\/globio.com.br\/wp-content\/uploads\/2024\/05\/CAFE-ESTUFADO-DIRETAMENTE-EM-NOSSOS-ARMAZENS-copiar.webp\" class=\"attachment-medium size-medium wp-image-438\" alt=\"\" srcset=\"https:\/\/globio.com.br\/wp-content\/uploads\/2024\/05\/CAFE-ESTUFADO-DIRETAMENTE-EM-NOSSOS-ARMAZENS-copiar.webp\" sizes=\"(max-width: 300px) 100vw, 300px\" style=\"object-fit:contain\">\t\t\t\t\t\t\t\t\t\t\t\t\t<\/div>\n\t\t\t\t<\/div>\n\t\t<div class=\"elementor-element elementor-element-df12a75  e-con-full e-flex e-con e-child\" data-id=\"df12a75\" data-element_type=\"container\">\n\t\t\t\t<div class=\"elementor-element elementor-element-3f0e4db elementor-widget elementor-widget-heading\" data-id=\"3f0e4db\" data-element_type=\"widget\" data-widget_type=\"heading.default\">\n\t\t\t\t<div class=\"elementor-widget-container\">\n\t\t\t<span class=\"elementor-heading-title elementor-size-default\">\u0642\u0647\u0648\u0629 \u0645\u0637\u0647\u064a\u0629 \u0645\u0628\u0627\u0634\u0631\u0629 \u0641\u064a \u0645\u0633\u062a\u0648\u062f\u0639\u0627\u062a\u0646\u0627<\/span>\t\t<\/div>\n\t\t\t\t<\/div>\n\t\t\t\t<div class=\"elementor-element elementor-element-6575670 elementor-widget elementor-widget-text-editor\" data-id=\"6575670\" data-element_type=\"widget\" data-widget_type=\"text-editor.default\">\n\t\t\t\t<div class=\"elementor-widget-container\">\n\t\t\t<style>\/*! elementor - v3.21.0 - 08-05-2024 *\/\n.elementor-widget-text-editor.elementor-drop-cap-view-stacked .elementor-drop-cap{background-color:#69727d;color:#fff}.elementor-widget-text-editor.elementor-drop-cap-view-framed .elementor-drop-cap{color:#69727d;border:3px solid;background-color:transparent}.elementor-widget-text-editor:not(.elementor-drop-cap-view-default) .elementor-drop-cap{margin-top:8px}.elementor-widget-text-editor:not(.elementor-drop-cap-view-default) .elementor-drop-cap-letter{width:1em;height:1em}.elementor-widget-text-editor .elementor-drop-cap{float:left;text-align:center;line-height:1;font-size:50px}.elementor-widget-text-editor .elementor-drop-cap-letter{display:inline-block}<\/style>\t\t\t\t<p>\u0646\u0636\u0645\u0646 \u0644\u0643 \u062d\u0641\u0627\u0648\u0629 \u0622\u0645\u0646\u0629 \u0648\u0645\u0646\u0638\u0645\u0629<\/p>\t\t\t\t\t\t<\/div>\n\t\t\t\t<\/div>\n\t\t\t\t<\/div>\n\t\t\t\t<\/div><div class=\"elementor-element elementor-element-48b8c9b  e-con-full e-flex e-con e-child animated fadeInRight\" data-id=\"48b8c9b\" data-element_type=\"container\" data-settings=\"{&quot;animation&quot;:&quot;fadeInRight&quot;}\" style=\"padding-bottom:50px\">\n\t\t\t\t<div class=\"elementor-element elementor-element-3a82d24  elementor-widget elementor-widget-image\" data-id=\"3a82d24\" data-element_type=\"widget\" data-widget_type=\"image.default\">\n\t\t\t\t<div class=\"elementor-widget-container\">\n\t\t\t\t\t\t\t\t\t\t\t\t\t<img decoding=\"async\" width=\"300\" height=\"300\" src=\"https:\/\/globio.com.br\/wp-content\/uploads\/2024\/05\/UTILIZAMOS-CONTAINERS-PADRAO-ALIMENTOS.webp\" class=\"attachment-medium size-medium wp-image-438\" alt=\"\" srcset=\"https:\/\/globio.com.br\/wp-content\/uploads\/2024\/05\/UTILIZAMOS-CONTAINERS-PADRAO-ALIMENTOS.webp\" sizes=\"(max-width: 300px) 100vw, 300px\" style=\"object-fit:contain\">\t\t\t\t\t\t\t\t\t\t\t\t\t<\/div>\n\t\t\t\t<\/div>\n\t\t<div class=\"elementor-element elementor-element-df12a75  e-con-full e-flex e-con e-child\" data-id=\"df12a75\" data-element_type=\"container\">\n\t\t\t\t<div class=\"elementor-element elementor-element-3f0e4db elementor-widget elementor-widget-heading\" data-id=\"3f0e4db\" data-element_type=\"widget\" data-widget_type=\"heading.default\">\n\t\t\t\t<div class=\"elementor-widget-container\">\n\t\t\t<span class=\"elementor-heading-title elementor-size-default\">\u0646\u0633\u062a\u062e\u062f\u0645 \u062d\u0627\u0648\u064a\u0627\u062a \u0627\u0644\u0637\u0639\u0627\u0645 \u0627\u0644\u0642\u064a\u0627\u0633\u064a\u0629<\/span>\t\t<\/div>\n\t\t\t\t<\/div>\n\t\t\t\t<div class=\"elementor-element elementor-element-6575670 elementor-widget elementor-widget-text-editor\" data-id=\"6575670\" data-element_type=\"widget\" data-widget_type=\"text-editor.default\">\n\t\t\t\t<div class=\"elementor-widget-container\">\n\t\t\t<style>\/*! elementor - v3.21.0 - 08-05-2024 *\/\n.elementor-widget-text-editor.elementor-drop-cap-view-stacked .elementor-drop-cap{background-color:#69727d;color:#fff}.elementor-widget-text-editor.elementor-drop-cap-view-framed .elementor-drop-cap{color:#69727d;border:3px solid;background-color:transparent}.elementor-widget-text-editor:not(.elementor-drop-cap-view-default) .elementor-drop-cap{margin-top:8px}.elementor-widget-text-editor:not(.elementor-drop-cap-view-default) .elementor-drop-cap-letter{width:1em;height:1em}.elementor-widget-text-editor .elementor-drop-cap{float:left;text-align:center;line-height:1;font-size:50px}.elementor-widget-text-editor .elementor-drop-cap-letter{display:inline-block}<\/style>\t\t\t\t<p>\u0645\u0639\u0642\u0645\u0629 \u0648\u062e\u0627\u0644\u064a\u0629 \u0645\u0646 \u0627\u0644\u0631\u0648\u0627\u0626\u062d \u0648\u0627\u0644\u062a\u0644\u0641\u060c \u0645\u0645\u0627 \u064a\u0636\u0645\u0646 \u0633\u0644\u0627\u0645\u0629 \u0627\u0644\u062d\u0628\u0648\u0628 \u0648\u0646\u0636\u0627\u0631\u062a\u0647\u0627.<\/p>\t\t\t\t\t\t<\/div>\n\t\t\t\t<\/div>\n\t\t\t\t<\/div>\n\t\t\t\t<\/div><div class=\"elementor-element elementor-element-48b8c9b  e-con-full e-flex e-con e-child animated fadeInRight\" data-id=\"48b8c9b\" data-element_type=\"container\" data-settings=\"{&quot;animation&quot;:&quot;fadeInRight&quot;}\" style=\"padding-bottom:50px\">\n\t\t\t\t<div class=\"elementor-element elementor-element-3a82d24  elementor-widget elementor-widget-image\" data-id=\"3a82d24\" data-element_type=\"widget\" data-widget_type=\"image.default\">\n\t\t\t\t<div class=\"elementor-widget-container\">\n\t\t\t\t\t\t\t\t\t\t\t\t\t<img decoding=\"async\" width=\"300\" height=\"300\" src=\"https:\/\/globio.com.br\/wp-content\/uploads\/2024\/05\/FLEXIBILIDADE-NAS-CATEGORIAS-DE-EXPORTACAO.webp\" class=\"attachment-medium size-medium wp-image-438\" alt=\"\" srcset=\"https:\/\/globio.com.br\/wp-content\/uploads\/2024\/05\/FLEXIBILIDADE-NAS-CATEGORIAS-DE-EXPORTACAO.webp\" sizes=\"(max-width: 300px) 100vw, 300px\" style=\"object-fit:contain\">\t\t\t\t\t\t\t\t\t\t\t\t\t<\/div>\n\t\t\t\t<\/div>\n\t\t<div class=\"elementor-element elementor-element-df12a75  e-con-full e-flex e-con e-child\" data-id=\"df12a75\" data-element_type=\"container\">\n\t\t\t\t<div class=\"elementor-element elementor-element-3f0e4db elementor-widget elementor-widget-heading\" data-id=\"3f0e4db\" data-element_type=\"widget\" data-widget_type=\"heading.default\">\n\t\t\t\t<div class=\"elementor-widget-container\">\n\t\t\t<span class=\"elementor-heading-title elementor-size-default\">\u0627\u0644\u0645\u0631\u0648\u0646\u0629 \u0641\u064a \u0641\u0626\u0627\u062a \u0627\u0644\u062a\u0635\u062f\u064a\u0631<\/span>\t\t<\/div>\n\t\t\t\t<\/div>\n\t\t\t\t<div class=\"elementor-element elementor-element-6575670 elementor-widget elementor-widget-text-editor\" data-id=\"6575670\" data-element_type=\"widget\" data-widget_type=\"text-editor.default\">\n\t\t\t\t<div class=\"elementor-widget-container\">\n\t\t\t<style>\/*! elementor - v3.21.0 - 08-05-2024 *\/\n.elementor-widget-text-editor.elementor-drop-cap-view-stacked .elementor-drop-cap{background-color:#69727d;color:#fff}.elementor-widget-text-editor.elementor-drop-cap-view-framed .elementor-drop-cap{color:#69727d;border:3px solid;background-color:transparent}.elementor-widget-text-editor:not(.elementor-drop-cap-view-default) .elementor-drop-cap{margin-top:8px}.elementor-widget-text-editor:not(.elementor-drop-cap-view-default) .elementor-drop-cap-letter{width:1em;height:1em}.elementor-widget-text-editor .elementor-drop-cap{float:left;text-align:center;line-height:1;font-size:50px}.elementor-widget-text-editor .elementor-drop-cap-letter{display:inline-block}<\/style>\t\t\t\t<p>\u0646\u062d\u0646 \u0646\u0639\u0645\u0644 \u0645\u0639 \u0641\u0626\u0627\u062a \u0627\u0644\u062a\u0635\u062f\u064a\u0631 \u0627\u0644\u0645\u062e\u062a\u0644\u0641\u0629 (CIF\u060c FOB\u060c DAP)\u060c \u0645\u0645\u0627 \u064a\u0636\u0645\u0646 \u062a\u062c\u0631\u0628\u0629 \u0634\u062e\u0635\u064a\u0629 \u0648\u0641\u0642\u064b\u0627 \u0644\u0627\u062d\u062a\u064a\u0627\u062c\u0627\u062a \u0643\u0644 \u0639\u0645\u0644\u064a\u0629 \u062a\u0641\u0627\u0648\u0636.<\/p>\t\t\t\t\t\t<\/div>\n\t\t\t\t<\/div>\n\t\t\t\t<\/div>\n\t\t\t\t<\/div><\/div>\n\t\t\t\t\t\t<\/div>\n\t\t\t\t<\/div>\n\t\t<div class=\"elementor-element elementor-element-48b8c9b e-con-full hidden e-flex elementor-invisible e-con e-child\" data-id=\"48b8c9b\" data-element_type=\"container\" data-e-type=\"container\" data-settings=\"{&quot;animation&quot;:&quot;fadeInRight&quot;}\">\n\t\t\t\t<div class=\"elementor-element elementor-element-3a82d24 elementor-widget elementor-widget-image\" data-id=\"3a82d24\" data-element_type=\"widget\" data-e-type=\"widget\" data-widget_type=\"image.default\">\n\t\t\t\t<div class=\"elementor-widget-container\">\n\t\t\t\t\t\t\t\t\t\t\t\t\t\t\t<img loading=\"lazy\" decoding=\"async\" width=\"300\" height=\"300\" src=\"https:\/\/globio.com.br\/wp-content\/uploads\/2024\/07\/CAFE-ESTUFADO-DIRETAMENTE-EM-NOSSOS-ARMAZENS-copiar-300x300.webp\" class=\"attachment-medium size-medium wp-image-779\" alt=\"\" srcset=\"https:\/\/globio.com.br\/wp-content\/uploads\/2024\/07\/CAFE-ESTUFADO-DIRETAMENTE-EM-NOSSOS-ARMAZENS-copiar-300x300.webp 300w, https:\/\/globio.com.br\/wp-content\/uploads\/2024\/07\/CAFE-ESTUFADO-DIRETAMENTE-EM-NOSSOS-ARMAZENS-copiar-150x150.webp 150w, https:\/\/globio.com.br\/wp-content\/uploads\/2024\/07\/CAFE-ESTUFADO-DIRETAMENTE-EM-NOSSOS-ARMAZENS-copiar.webp 350w\" sizes=\"(max-width: 300px) 100vw, 300px\" \/>\t\t\t\t\t\t\t\t\t\t\t\t\t\t\t<\/div>\n\t\t\t\t<\/div>\n\t\t<div class=\"elementor-element elementor-element-df12a75 e-con-full e-flex e-con e-child\" data-id=\"df12a75\" data-element_type=\"container\" data-e-type=\"container\">\n\t\t\t\t<div class=\"elementor-element elementor-element-3f0e4db elementor-widget elementor-widget-heading\" data-id=\"3f0e4db\" data-element_type=\"widget\" data-e-type=\"widget\" data-widget_type=\"heading.default\">\n\t\t\t\t<div class=\"elementor-widget-container\">\n\t\t\t\t\t<span class=\"elementor-heading-title elementor-size-default\">\u0642\u0647\u0648\u0629 \u0645\u0637\u0647\u064a\u0629 \u0645\u0628\u0627\u0634\u0631\u0629 \u0641\u064a \u0645\u0633\u062a\u0648\u062f\u0639\u0627\u062a\u0646\u0627<\/span>\t\t\t\t<\/div>\n\t\t\t\t<\/div>\n\t\t\t\t<div class=\"elementor-element elementor-element-6575670 elementor-widget elementor-widget-text-editor\" data-id=\"6575670\" data-element_type=\"widget\" data-e-type=\"widget\" data-widget_type=\"text-editor.default\">\n\t\t\t\t<div class=\"elementor-widget-container\">\n\t\t\t\t\t\t\t\t\t<p>\u0646\u0636\u0645\u0646 \u0644\u0643 \u062d\u0641\u0627\u0648\u0629 \u0622\u0645\u0646\u0629 \u0648\u0645\u0646\u0638\u0645\u0629<\/p>\t\t\t\t\t\t\t\t<\/div>\n\t\t\t\t<\/div>\n\t\t\t\t<\/div>\n\t\t\t\t<\/div>\n\t\t\t\t\t<\/div>\n\t\t\t\t<\/div>\n\t\t<div class=\"elementor-element elementor-element-38f297e e-flex e-con-boxed e-con e-parent\" data-id=\"38f297e\" data-element_type=\"container\" data-e-type=\"container\">\n\t\t\t\t\t<div class=\"e-con-inner\">\n\t\t\t\t<div class=\"elementor-element elementor-element-d08c3a4 elementor-widget elementor-widget-heading\" data-id=\"d08c3a4\" data-element_type=\"widget\" data-e-type=\"widget\" data-widget_type=\"heading.default\">\n\t\t\t\t<div class=\"elementor-widget-container\">\n\t\t\t\t\t<h2 class=\"elementor-heading-title elementor-size-default\">INCOTERMS<\/h2>\t\t\t\t<\/div>\n\t\t\t\t<\/div>\n\t\t\t\t\t<\/div>\n\t\t\t\t<\/div>\n\t\t<div class=\"elementor-element elementor-element-87231d9 e-flex e-con-boxed e-con e-parent\" data-id=\"87231d9\" data-element_type=\"container\" data-e-type=\"container\">\n\t\t\t\t\t<div class=\"e-con-inner\">\n\t\t<div class=\"elementor-element elementor-element-37945a5 e-flex e-con-boxed e-con e-child\" data-id=\"37945a5\" data-element_type=\"container\" data-e-type=\"container\">\n\t\t\t\t\t<div class=\"e-con-inner\">\n\t\t<div class=\"elementor-element elementor-element-3578390 e-con-full e-flex e-con e-child\" data-id=\"3578390\" data-element_type=\"container\" data-e-type=\"container\">\n\t\t\t\t<div class=\"elementor-element elementor-element-b7c6856 elementor-widget-mobile__width-initial elementor-widget elementor-widget-image\" data-id=\"b7c6856\" data-element_type=\"widget\" data-e-type=\"widget\" data-widget_type=\"image.default\">\n\t\t\t\t<div class=\"elementor-widget-container\">\n\t\t\t\t\t\t\t\t\t\t\t\t\t\t\t<img loading=\"lazy\" decoding=\"async\" width=\"1140\" height=\"298\" src=\"https:\/\/globio.com.br\/wp-content\/uploads\/2024\/04\/infografico.svg\" class=\"attachment-full size-full wp-image-199\" alt=\"\" \/>\t\t\t\t\t\t\t\t\t\t\t\t\t\t\t<\/div>\n\t\t\t\t<\/div>\n\t\t\t\t<\/div>\n\t\t\t\t\t<\/div>\n\t\t\t\t<\/div>\n\t\t\t\t\t<\/div>\n\t\t\t\t<\/div>\n\t\t\t\t<\/div>","protected":false},"excerpt":{"rendered":"<p>CAF\u00c9 ESTUFADO DIRETAMENTE EM NOSSOS ARMAZ\u00c9NS Garantimos uma ova\u00e7\u00e3o segura e organizada<\/p>","protected":false},"author":1,"featured_media":0,"parent":0,"menu_order":0,"comment_status":"closed","ping_status":"closed","template":"elementor_header_footer","meta":{"footnotes":""},"class_list":["post-719","page","type-page","status-publish","hentry"],"acf":[],"_links":{"self":[{"href":"https:\/\/globio.com.br\/ar\/wp-json\/wp\/v2\/pages\/719","targetHints":{"allow":["GET"]}}],"collection":[{"href":"https:\/\/globio.com.br\/ar\/wp-json\/wp\/v2\/pages"}],"about":[{"href":"https:\/\/globio.com.br\/ar\/wp-json\/wp\/v2\/types\/page"}],"author":[{"embeddable":true,"href":"https:\/\/globio.com.br\/ar\/wp-json\/wp\/v2\/users\/1"}],"replies":[{"embeddable":true,"href":"https:\/\/globio.com.br\/ar\/wp-json\/wp\/v2\/comments?post=719"}],"version-history":[{"count":7,"href":"https:\/\/globio.com.br\/ar\/wp-json\/wp\/v2\/pages\/719\/revisions"}],"predecessor-version":[{"id":785,"href":"https:\/\/globio.com.br\/ar\/wp-json\/wp\/v2\/pages\/719\/revisions\/785"}],"wp:attachment":[{"href":"https:\/\/globio.com.br\/ar\/wp-json\/wp\/v2\/media?parent=719"}],"curies":[{"name":"wp","href":"https:\/\/api.w.org\/{rel}","templated":true}]}}